{"id":68,"date":"2025-03-26T14:50:12","date_gmt":"2025-03-26T14:50:12","guid":{"rendered":"https:\/\/sareno.ch\/?page_id=68"},"modified":"2025-05-12T13:12:39","modified_gmt":"2025-05-12T13:12:39","slug":"content-services","status":"publish","type":"page","link":"https:\/\/sareno.ch\/index.php\/content-services\/","title":{"rendered":"Content Services"},"content":{"rendered":"\r\n<h2 class=\"wp-block-heading\">Content Services<\/h2>\r\n\r\n\r\n\r\n<h3 class=\"wp-block-heading\">KI-Zeitalter: Redaktionelle Relevanz durch Analyse und gezielte Ma\u00dfnahmen<\/h3>\r\n<ul>\r\n<li>Stechen Sie mit redaktionell relevanten Texten im KI-Zeitalter hervor. Wir bieten Ihnen die Analyse und die notwendigen Ma\u00dfnahmen, um Ihre Inhalte optimal zu positionieren.<\/li>\r\n<li>KI als Ideengeber? Warum nicht! Nutzen Sie das Potenzial von KI zur Textgenerierung \u2013 aber mit dem richtigen thematischen Fundament und pr\u00e4zisen Prompts. Unsere Datenbank mit \u00fcber 100 erprobten Prompts f\u00fcr hohe Relevanz unterst\u00fctzt Sie dabei.\u00a0<\/li>\r\n<li>Mehrwert f\u00fcr Ihre Nutzer in LLMs und optimale Auffindbarkeit. Kontaktieren Sie uns, um zu erfahren, wie Sie mit intelligenten Agenten einen echten Mehrwert bieten und in gro\u00dfen Sprachmodellen (LLMs) gefunden werden.<\/li>\r\n<\/ul>\r\n<h4>Unser Angebot:<\/h4>\r\n<ul>\r\n<li>Kostenlose Bestandsaufnahme Ihrer aktuellen Situation.<\/li>\r\n<li>Flexible Preismodelle: Monatsabonnement oder Jahresfestpreis.<\/li>\r\n<li>Inklusive detaillierter Reportings.<\/li>\r\n<\/ul>\r\n<p><img loading=\"lazy\" decoding=\"async\" class=\"alignnone size-full wp-image-100\" src=\"https:\/\/sareno.ch\/wp-content\/uploads\/2025\/05\/supervisedAI.png\" alt=\"\" width=\"1024\" height=\"640\" srcset=\"https:\/\/sareno.ch\/wp-content\/uploads\/2025\/05\/supervisedAI.png 1024w, https:\/\/sareno.ch\/wp-content\/uploads\/2025\/05\/supervisedAI-300x188.png 300w, https:\/\/sareno.ch\/wp-content\/uploads\/2025\/05\/supervisedAI-768x480.png 768w\" sizes=\"auto, (max-width: 1024px) 100vw, 1024px\" \/><\/p>\r\n<h3 class=\"wp-block-heading\">Content-Management<\/h3>\r\n\r\n\r\n\r\n<p>Ihre Websites m\u00fcssen unterhalten und aktualisiert werden. Sie m\u00fcssen Inhalte an die Website anpassen, redigieren, k\u00fcrzen oder neu erstellen lassen. Unsere Mitarbeiter haben jahrelange Erfahrung mit Content-Services auch auf komplexen Websites und mit verschiedenen CMS-Systemen. Sie sorgen remote f\u00fcr den Unterhalt Ihrer Website-Inhalte. Wir f\u00fchren auch Auftr\u00e4ge mit geringem Umfang (ab 1 Manntag \/ Monat) zu g\u00fcnstigen Konditionen aus. Sareno hat in diesem Bereich bereits Auftr\u00e4ge f\u00fcr Migros (Content as a Service f\u00fcr <a href=\"http:\/\/www.migros.ch\">Migros.ch<\/a>, Famigros, Gen M, Fachm\u00e4rkte), Swisscom Directories (Daten Sourcing) und Roche (Content Migration <a href=\"http:\/\/www.roche.com\">Roche.com<\/a>).<\/p>\r\n\r\n\r\n\r\n<figure class=\"wp-block-image size-large\"><img loading=\"lazy\" decoding=\"async\" width=\"1024\" height=\"576\" class=\"wp-image-69\" src=\"https:\/\/sareno.ch\/wp-content\/uploads\/2025\/03\/typing-1024x576.jpg\" alt=\"\" srcset=\"https:\/\/sareno.ch\/wp-content\/uploads\/2025\/03\/typing-1024x576.jpg 1024w, https:\/\/sareno.ch\/wp-content\/uploads\/2025\/03\/typing-300x169.jpg 300w, https:\/\/sareno.ch\/wp-content\/uploads\/2025\/03\/typing-768x432.jpg 768w, https:\/\/sareno.ch\/wp-content\/uploads\/2025\/03\/typing.jpg 1280w\" sizes=\"auto, (max-width: 1024px) 100vw, 1024px\" \/><\/figure>\r\n\r\n\r\n\r\n<h3 class=\"wp-block-heading\">Redaktionelle Dienstleistungen \/ Content-Creation<\/h3>\r\n\r\n\r\n\r\n<p>Content-Services bedeutet nicht nur CM. Es umfasst auch das Erschaffen neuer Inhalte. F\u00fcr Newsletter und Blogs bereiten wir von Ihnen geliefertes Material auf, bis es bereit zum publizieren ist. Ebenso recherchieren und schreiben wir Artikel zu den gew\u00fcnschten Themen f\u00fcr ihre Publikationen. Es gibt in dieser Hinsicht kaum ein Problem, dass sich nicht l\u00f6sen l\u00e4sst. Mitarbeiter mit journalistischem Hintergrund bringen Texte auf den Punkt. Und w\u00e4hrend der Konzeption unterst\u00fctzen wir Sie gerne mit unseren Inputs. Unsere Erfahrungen umfassen Journalismus, Marketing, embedded Content und interne und externe Newsletter.<\/p>\r\n\r\n\r\n\r\n<figure class=\"wp-block-image size-large\"><img loading=\"lazy\" decoding=\"async\" width=\"1024\" height=\"682\" class=\"wp-image-70\" src=\"https:\/\/sareno.ch\/wp-content\/uploads\/2025\/03\/Meeting-1024x682.jpg\" alt=\"\" srcset=\"https:\/\/sareno.ch\/wp-content\/uploads\/2025\/03\/Meeting-1024x682.jpg 1024w, https:\/\/sareno.ch\/wp-content\/uploads\/2025\/03\/Meeting-300x200.jpg 300w, https:\/\/sareno.ch\/wp-content\/uploads\/2025\/03\/Meeting-768x512.jpg 768w, https:\/\/sareno.ch\/wp-content\/uploads\/2025\/03\/Meeting.jpg 1280w\" sizes=\"auto, (max-width: 1024px) 100vw, 1024px\" \/><\/figure>\r\n","protected":false},"excerpt":{"rendered":"<p>Content Services KI-Zeitalter: Redaktionelle Relevanz durch Analyse und gezielte Ma\u00dfnahmen Stechen Sie mit redaktionell relevanten Texten im KI-Zeitalter hervor. Wir bieten Ihnen die Analyse und die notwendigen Ma\u00dfnahmen, um Ihre Inhalte optimal zu positionieren. KI als Ideengeber? Warum nicht! Nutzen Sie das Potenzial von KI zur Textgenerierung \u2013 aber mit dem richtigen thematischen Fundament und [&hellip;]<\/p>\n","protected":false},"author":1,"featured_media":12,"parent":0,"menu_order":0,"comment_status":"closed","ping_status":"closed","template":"","meta":{"footnotes":""},"class_list":["post-68","page","type-page","status-publish","has-post-thumbnail","hentry"],"yoast_head":"<!-- This site is optimized with the Yoast SEO plugin v27.4 - https:\/\/yoast.com\/product\/yoast-seo-wordpress\/ -->\n<title>Content Services - Sareno<\/title>\n<meta name=\"robots\" content=\"index, follow, max-snippet:-1, max-image-preview:large, max-video-preview:-1\" \/>\n<link rel=\"canonical\" href=\"https:\/\/sareno.ch\/index.php\/content-services\/\" \/>\n<meta property=\"og:locale\" content=\"de_DE\" \/>\n<meta property=\"og:type\" content=\"article\" \/>\n<meta property=\"og:title\" content=\"Content Services - Sareno\" \/>\n<meta property=\"og:description\" content=\"Content Services KI-Zeitalter: Redaktionelle Relevanz durch Analyse und gezielte Ma\u00dfnahmen Stechen Sie mit redaktionell relevanten Texten im KI-Zeitalter hervor. Wir bieten Ihnen die Analyse und die notwendigen Ma\u00dfnahmen, um Ihre Inhalte optimal zu positionieren. KI als Ideengeber? Warum nicht! Nutzen Sie das Potenzial von KI zur Textgenerierung \u2013 aber mit dem richtigen thematischen Fundament und [&hellip;]\" \/>\n<meta property=\"og:url\" content=\"https:\/\/sareno.ch\/index.php\/content-services\/\" \/>\n<meta property=\"og:site_name\" content=\"Sareno\" \/>\n<meta property=\"article:modified_time\" content=\"2025-05-12T13:12:39+00:00\" \/>\n<meta property=\"og:image\" content=\"https:\/\/sareno.ch\/wp-content\/uploads\/2025\/03\/Logo-sareno-ch.png\" \/>\n\t<meta property=\"og:image:width\" content=\"746\" \/>\n\t<meta property=\"og:image:height\" content=\"157\" \/>\n\t<meta property=\"og:image:type\" content=\"image\/png\" \/>\n<meta name=\"twitter:card\" content=\"summary_large_image\" \/>\n<meta name=\"twitter:label1\" content=\"Gesch\u00e4tzte Lesezeit\" \/>\n\t<meta name=\"twitter:data1\" content=\"3\u00a0Minuten\" \/>\n<script type=\"application\/ld+json\" class=\"yoast-schema-graph\">{\"@context\":\"https:\\\/\\\/schema.org\",\"@graph\":[{\"@type\":\"WebPage\",\"@id\":\"https:\\\/\\\/sareno.ch\\\/index.php\\\/content-services\\\/\",\"url\":\"https:\\\/\\\/sareno.ch\\\/index.php\\\/content-services\\\/\",\"name\":\"Content Services - Sareno\",\"isPartOf\":{\"@id\":\"https:\\\/\\\/sareno.ch\\\/#website\"},\"primaryImageOfPage\":{\"@id\":\"https:\\\/\\\/sareno.ch\\\/index.php\\\/content-services\\\/#primaryimage\"},\"image\":{\"@id\":\"https:\\\/\\\/sareno.ch\\\/index.php\\\/content-services\\\/#primaryimage\"},\"thumbnailUrl\":\"https:\\\/\\\/sareno.ch\\\/wp-content\\\/uploads\\\/2025\\\/03\\\/Logo-sareno-ch.png\",\"datePublished\":\"2025-03-26T14:50:12+00:00\",\"dateModified\":\"2025-05-12T13:12:39+00:00\",\"breadcrumb\":{\"@id\":\"https:\\\/\\\/sareno.ch\\\/index.php\\\/content-services\\\/#breadcrumb\"},\"inLanguage\":\"de\",\"potentialAction\":[{\"@type\":\"ReadAction\",\"target\":[\"https:\\\/\\\/sareno.ch\\\/index.php\\\/content-services\\\/\"]}]},{\"@type\":\"ImageObject\",\"inLanguage\":\"de\",\"@id\":\"https:\\\/\\\/sareno.ch\\\/index.php\\\/content-services\\\/#primaryimage\",\"url\":\"https:\\\/\\\/sareno.ch\\\/wp-content\\\/uploads\\\/2025\\\/03\\\/Logo-sareno-ch.png\",\"contentUrl\":\"https:\\\/\\\/sareno.ch\\\/wp-content\\\/uploads\\\/2025\\\/03\\\/Logo-sareno-ch.png\",\"width\":746,\"height\":157},{\"@type\":\"BreadcrumbList\",\"@id\":\"https:\\\/\\\/sareno.ch\\\/index.php\\\/content-services\\\/#breadcrumb\",\"itemListElement\":[{\"@type\":\"ListItem\",\"position\":1,\"name\":\"Startseite\",\"item\":\"https:\\\/\\\/sareno.ch\\\/\"},{\"@type\":\"ListItem\",\"position\":2,\"name\":\"Content Services\"}]},{\"@type\":\"WebSite\",\"@id\":\"https:\\\/\\\/sareno.ch\\\/#website\",\"url\":\"https:\\\/\\\/sareno.ch\\\/\",\"name\":\"Sareno\",\"description\":\"AI-Driven-Solutions\",\"publisher\":{\"@id\":\"https:\\\/\\\/sareno.ch\\\/#organization\"},\"potentialAction\":[{\"@type\":\"SearchAction\",\"target\":{\"@type\":\"EntryPoint\",\"urlTemplate\":\"https:\\\/\\\/sareno.ch\\\/?s={search_term_string}\"},\"query-input\":{\"@type\":\"PropertyValueSpecification\",\"valueRequired\":true,\"valueName\":\"search_term_string\"}}],\"inLanguage\":\"de\"},{\"@type\":\"Organization\",\"@id\":\"https:\\\/\\\/sareno.ch\\\/#organization\",\"name\":\"Sareno\",\"url\":\"https:\\\/\\\/sareno.ch\\\/\",\"logo\":{\"@type\":\"ImageObject\",\"inLanguage\":\"de\",\"@id\":\"https:\\\/\\\/sareno.ch\\\/#\\\/schema\\\/logo\\\/image\\\/\",\"url\":\"https:\\\/\\\/sareno.ch\\\/wp-content\\\/uploads\\\/2025\\\/03\\\/LOGO-S.png\",\"contentUrl\":\"https:\\\/\\\/sareno.ch\\\/wp-content\\\/uploads\\\/2025\\\/03\\\/LOGO-S.png\",\"width\":81,\"height\":81,\"caption\":\"Sareno\"},\"image\":{\"@id\":\"https:\\\/\\\/sareno.ch\\\/#\\\/schema\\\/logo\\\/image\\\/\"}}]}<\/script>\n<!-- \/ Yoast SEO plugin. -->","yoast_head_json":{"title":"Content Services - Sareno","robots":{"index":"index","follow":"follow","max-snippet":"max-snippet:-1","max-image-preview":"max-image-preview:large","max-video-preview":"max-video-preview:-1"},"canonical":"https:\/\/sareno.ch\/index.php\/content-services\/","og_locale":"de_DE","og_type":"article","og_title":"Content Services - Sareno","og_description":"Content Services KI-Zeitalter: Redaktionelle Relevanz durch Analyse und gezielte Ma\u00dfnahmen Stechen Sie mit redaktionell relevanten Texten im KI-Zeitalter hervor. Wir bieten Ihnen die Analyse und die notwendigen Ma\u00dfnahmen, um Ihre Inhalte optimal zu positionieren. KI als Ideengeber? Warum nicht! Nutzen Sie das Potenzial von KI zur Textgenerierung \u2013 aber mit dem richtigen thematischen Fundament und [&hellip;]","og_url":"https:\/\/sareno.ch\/index.php\/content-services\/","og_site_name":"Sareno","article_modified_time":"2025-05-12T13:12:39+00:00","og_image":[{"width":746,"height":157,"url":"https:\/\/sareno.ch\/wp-content\/uploads\/2025\/03\/Logo-sareno-ch.png","type":"image\/png"}],"twitter_card":"summary_large_image","twitter_misc":{"Gesch\u00e4tzte Lesezeit":"3\u00a0Minuten"},"schema":{"@context":"https:\/\/schema.org","@graph":[{"@type":"WebPage","@id":"https:\/\/sareno.ch\/index.php\/content-services\/","url":"https:\/\/sareno.ch\/index.php\/content-services\/","name":"Content Services - Sareno","isPartOf":{"@id":"https:\/\/sareno.ch\/#website"},"primaryImageOfPage":{"@id":"https:\/\/sareno.ch\/index.php\/content-services\/#primaryimage"},"image":{"@id":"https:\/\/sareno.ch\/index.php\/content-services\/#primaryimage"},"thumbnailUrl":"https:\/\/sareno.ch\/wp-content\/uploads\/2025\/03\/Logo-sareno-ch.png","datePublished":"2025-03-26T14:50:12+00:00","dateModified":"2025-05-12T13:12:39+00:00","breadcrumb":{"@id":"https:\/\/sareno.ch\/index.php\/content-services\/#breadcrumb"},"inLanguage":"de","potentialAction":[{"@type":"ReadAction","target":["https:\/\/sareno.ch\/index.php\/content-services\/"]}]},{"@type":"ImageObject","inLanguage":"de","@id":"https:\/\/sareno.ch\/index.php\/content-services\/#primaryimage","url":"https:\/\/sareno.ch\/wp-content\/uploads\/2025\/03\/Logo-sareno-ch.png","contentUrl":"https:\/\/sareno.ch\/wp-content\/uploads\/2025\/03\/Logo-sareno-ch.png","width":746,"height":157},{"@type":"BreadcrumbList","@id":"https:\/\/sareno.ch\/index.php\/content-services\/#breadcrumb","itemListElement":[{"@type":"ListItem","position":1,"name":"Startseite","item":"https:\/\/sareno.ch\/"},{"@type":"ListItem","position":2,"name":"Content Services"}]},{"@type":"WebSite","@id":"https:\/\/sareno.ch\/#website","url":"https:\/\/sareno.ch\/","name":"Sareno","description":"AI-Driven-Solutions","publisher":{"@id":"https:\/\/sareno.ch\/#organization"},"potentialAction":[{"@type":"SearchAction","target":{"@type":"EntryPoint","urlTemplate":"https:\/\/sareno.ch\/?s={search_term_string}"},"query-input":{"@type":"PropertyValueSpecification","valueRequired":true,"valueName":"search_term_string"}}],"inLanguage":"de"},{"@type":"Organization","@id":"https:\/\/sareno.ch\/#organization","name":"Sareno","url":"https:\/\/sareno.ch\/","logo":{"@type":"ImageObject","inLanguage":"de","@id":"https:\/\/sareno.ch\/#\/schema\/logo\/image\/","url":"https:\/\/sareno.ch\/wp-content\/uploads\/2025\/03\/LOGO-S.png","contentUrl":"https:\/\/sareno.ch\/wp-content\/uploads\/2025\/03\/LOGO-S.png","width":81,"height":81,"caption":"Sareno"},"image":{"@id":"https:\/\/sareno.ch\/#\/schema\/logo\/image\/"}}]}},"_links":{"self":[{"href":"https:\/\/sareno.ch\/index.php\/wp-json\/wp\/v2\/pages\/68","targetHints":{"allow":["GET"]}}],"collection":[{"href":"https:\/\/sareno.ch\/index.php\/wp-json\/wp\/v2\/pages"}],"about":[{"href":"https:\/\/sareno.ch\/index.php\/wp-json\/wp\/v2\/types\/page"}],"author":[{"embeddable":true,"href":"https:\/\/sareno.ch\/index.php\/wp-json\/wp\/v2\/users\/1"}],"replies":[{"embeddable":true,"href":"https:\/\/sareno.ch\/index.php\/wp-json\/wp\/v2\/comments?post=68"}],"version-history":[{"count":5,"href":"https:\/\/sareno.ch\/index.php\/wp-json\/wp\/v2\/pages\/68\/revisions"}],"predecessor-version":[{"id":101,"href":"https:\/\/sareno.ch\/index.php\/wp-json\/wp\/v2\/pages\/68\/revisions\/101"}],"wp:featuredmedia":[{"embeddable":true,"href":"https:\/\/sareno.ch\/index.php\/wp-json\/wp\/v2\/media\/12"}],"wp:attachment":[{"href":"https:\/\/sareno.ch\/index.php\/wp-json\/wp\/v2\/media?parent=68"}],"curies":[{"name":"wp","href":"https:\/\/api.w.org\/{rel}","templated":true}]}}